{"id":5944,"date":"2025-05-14T16:21:08","date_gmt":"2025-05-14T15:21:08","guid":{"rendered":"https:\/\/www.ecletismomusical.pt\/?page_id=5944"},"modified":"2026-03-16T20:33:39","modified_gmt":"2026-03-16T20:33:39","slug":"playlist-ecletismo-semanal","status":"publish","type":"page","link":"https:\/\/www.ecletismomusical.pt\/en\/playlist-ecletismo-semanal\/","title":{"rendered":"[Playlist] Ecletismo Semanal"},"content":{"rendered":"<p>Todas as semanas, uma nova sele\u00e7\u00e3o. M\u00fasica escolhida com cuidado \u2014 n\u00e3o por algoritmos.<\/p>\n<h2>Epis\u00f3dio #1<\/h2>\n<p><iframe style=\"border-radius:12px\" src=\"https:\/\/open.spotify.com\/embed\/playlist\/1aL6OLXFWF3Oxqk2CNbfAj?utm_source=generator\" width=\"100%\" height=\"352\" frameborder=\"0\" allowfullscreen=\"\"><\/iframe><\/p>\n<h2>Epis\u00f3dio #2<\/h2>\n<p><iframe style=\"border-radius:12px\" src=\"https:\/\/open.spotify.com\/embed\/playlist\/0HGqBe8U6Ct3qvLaiJqU0U?utm_source=generator\" width=\"100%\" height=\"352\" frameborder=\"0\" allowfullscreen=\"\"><\/iframe><\/p>\n<h2>Epis\u00f3dio #3<\/h2>\n<p><iframe style=\"border-radius:12px\" src=\"https:\/\/open.spotify.com\/embed\/playlist\/11ZQJYroWtLkoVSqynXDaV?utm_source=generator\" width=\"100%\" height=\"352\" frameborder=\"0\" allowfullscreen=\"\"><\/iframe><\/p>\n<h2>Epis\u00f3dio #4<\/h2>\n<p><iframe style=\"border-radius:12px\" src=\"https:\/\/open.spotify.com\/embed\/playlist\/6cclHzsl1peul8xHjB2Si5?utm_source=generator\" width=\"100%\" height=\"352\" frameborder=\"0\" allowfullscreen=\"\"><\/iframe><\/p>\n<h2>Epis\u00f3dio #5<\/h2>\n<p><iframe style=\"border-radius:12px\" src=\"https:\/\/open.spotify.com\/embed\/playlist\/5iRuu6HYQmIZy9hPq1cuk3?utm_source=generator\" width=\"100%\" height=\"352\" frameborder=\"0\" allowfullscreen=\"\"><\/iframe><\/p>\n<h2>Epis\u00f3dio #6<\/h2>\n<p><iframe style=\"border-radius:12px\" src=\"https:\/\/open.spotify.com\/embed\/playlist\/57T7w9501dZSdPVdfhtfTC?utm_source=generator\" width=\"100%\" height=\"352\" frameborder=\"0\" allowfullscreen=\"\"><\/iframe><\/p>\n<h2>Epis\u00f3dio #7<\/h2>\n<p><iframe style=\"border-radius:12px\" src=\"https:\/\/open.spotify.com\/embed\/playlist\/3PxOxen7aiUiiyw5VmhNOy?utm_source=generator\" width=\"100%\" height=\"352\" frameborder=\"0\" allowfullscreen=\"\"><\/iframe><\/p>\n<h2>Epis\u00f3dio #8<\/h2>\n<p><iframe style=\"border-radius:12px\" src=\"https:\/\/open.spotify.com\/embed\/playlist\/3ERJQoFovLbupmAoNNCJjq?utm_source=generator\" width=\"100%\" height=\"352\" frameborder=\"0\" allowfullscreen=\"\"><\/iframe><\/p>\n<h2>Epis\u00f3dio #9<\/h2>\n<p><iframe style=\"border-radius:12px\" src=\"https:\/\/open.spotify.com\/embed\/playlist\/0GpBpVqjCc5o8W59UMOyow?utm_source=generator\" width=\"100%\" height=\"352\" frameborder=\"0\" allowfullscreen=\"\"><\/iframe><\/p>\n<h2>Epis\u00f3dio #10<\/h2>\n<p><iframe style=\"border-radius:12px\" src=\"https:\/\/open.spotify.com\/embed\/playlist\/49IX7t1GLtNannzeDbh6N8?utm_source=generator\" width=\"100%\" height=\"352\" frameborder=\"0\" allowfullscreen=\"\"><\/iframe><\/p>\n<h2>Epis\u00f3dio #11<\/h2>\n<p><iframe style=\"border-radius:12px\" src=\"https:\/\/open.spotify.com\/embed\/playlist\/4MdaeV0JWZ0ZVJWVTFNOal?utm_source=generator\" width=\"100%\" height=\"352\" frameborder=\"0\" allowfullscreen=\"\"><\/iframe><\/p>\n<h2>Epis\u00f3dio #12<\/h2>\n<p><iframe style=\"border-radius:12px\" src=\"https:\/\/open.spotify.com\/embed\/playlist\/7sgBkQS4GkCrqPIV5KSFty?utm_source=generator\" width=\"100%\" height=\"352\" frameborder=\"0\" allowfullscreen=\"\"><\/iframe><\/p>\n<h2>Epis\u00f3dio #13<\/h2>\n<p><iframe style=\"border-radius:12px\" src=\"https:\/\/open.spotify.com\/embed\/playlist\/78mj4wlnCslIwIlXND25gm?utm_source=generator\" width=\"100%\" height=\"352\" frameborder=\"0\" allowfullscreen=\"\"><\/iframe><\/p>\n<h2>Epis\u00f3dio #14<\/h2>\n<p><iframe style=\"border-radius:12px\" src=\"https:\/\/open.spotify.com\/embed\/playlist\/0tgbKOJUUvn1JsVZkCSXN5?utm_source=generator\" width=\"100%\" height=\"352\" frameborder=\"0\" allowfullscreen=\"\"><\/iframe><\/p>\n<h2>Epis\u00f3dio #15 (Edi\u00e7\u00e3o especial Sziget 2025)<\/h2>\n<p><iframe style=\"border-radius:12px\" src=\"https:\/\/open.spotify.com\/embed\/playlist\/0Mrjl7F5L62YAsXYN09KsO?utm_source=generator\" width=\"100%\" height=\"352\" frameborder=\"0\" allowfullscreen=\"\"><\/iframe><\/p>\n<h2>Epis\u00f3dio #16<\/h2>\n<p><iframe style=\"border-radius:12px\" src=\"https:\/\/open.spotify.com\/embed\/playlist\/14zDbgQzkZP7qsaROHrPDc?utm_source=generator\" width=\"100%\" height=\"352\" frameborder=\"0\" allowfullscreen=\"\"><\/iframe><\/p>\n<h2>Epis\u00f3dio #17<\/h2>\n<p><iframe style=\"border-radius:12px\" src=\"https:\/\/open.spotify.com\/embed\/playlist\/2UhuVYoLNvjEpvUWYZYDZp?utm_source=generator\" width=\"100%\" height=\"352\" frameborder=\"0\" allowfullscreen=\"\"><\/iframe><\/p>\n<h2>Epis\u00f3dio #18<\/h2>\n<p><iframe style=\"border-radius:12px\" src=\"https:\/\/open.spotify.com\/embed\/playlist\/75kqCYbfpRwbU6Bj6RDfr4?utm_source=generator\" width=\"100%\" height=\"352\" frameborder=\"0\" allowfullscreen=\"\"><\/iframe><\/p>\n<h2>Epis\u00f3dio #19<\/h2>\n<p><iframe style=\"border-radius:12px\" src=\"https:\/\/open.spotify.com\/embed\/playlist\/7fi3PRroMGFVI3629q9fMr?utm_source=generator\" width=\"100%\" height=\"352\" frameborder=\"0\" allowfullscreen=\"\"><\/iframe><\/p>\n<h2>Epis\u00f3dio #20<\/h2>\n<p><iframe style=\"border-radius:12px\" src=\"https:\/\/open.spotify.com\/embed\/playlist\/2pYkaIdeTFbAbGnvW0sRAm?utm_source=generator\" width=\"100%\" height=\"352\" frameborder=\"0\" allowfullscreen=\"\"><\/iframe><\/p>\n<h2>Epis\u00f3dio #21<\/h2>\n<p><iframe style=\"border-radius:12px\" src=\"https:\/\/open.spotify.com\/embed\/playlist\/7sj7RI9AdML3TqYHT6J6eh?utm_source=generator\" width=\"100%\" height=\"352\" frameborder=\"0\" allowfullscreen=\"\"><\/iframe><\/p>\n<h2>Epis\u00f3dio #22<\/h2>\n<p><iframe style=\"border-radius:12px\" src=\"https:\/\/open.spotify.com\/embed\/playlist\/2gapBsnFvpZRCn09PNqVqX?utm_source=generator\" width=\"100%\" height=\"352\" frameborder=\"0\" allowfullscreen=\"\"><\/iframe><\/p>\n<h2>Epis\u00f3dio #23<\/h2>\n<p><iframe style=\"border-radius:12px\" src=\"https:\/\/open.spotify.com\/embed\/playlist\/5c8hKRFSCs6YlESHkrDeOX?utm_source=generator\" width=\"100%\" height=\"352\" frameborder=\"0\" allowfullscreen=\"\"><\/iframe><\/p>\n<h2>Epis\u00f3dio #24<\/h2>\n<p><iframe style=\"border-radius:12px\" src=\"https:\/\/open.spotify.com\/embed\/playlist\/7LeYiaAU0ChvzggiAwEcJc?utm_source=generator\" width=\"100%\" height=\"352\" frameborder=\"0\" allowfullscreen=\"\"><\/iframe><\/p>\n<h2>Epis\u00f3dio #25<\/h2>\n<p><iframe style=\"border-radius:12px\" src=\"https:\/\/open.spotify.com\/embed\/playlist\/2xioxxo0WJKEXDAlpvjQ4d?utm_source=generator\" width=\"100%\" height=\"352\" frameborder=\"0\" allowfullscreen=\"\"><\/iframe><\/p>\n<h2>Epis\u00f3dio #26<\/h2>\n<p><iframe style=\"border-radius:12px\" src=\"https:\/\/open.spotify.com\/embed\/playlist\/3ITd5qXLzpaGk3gYT1zCqs?utm_source=generator\" width=\"100%\" height=\"352\" frameborder=\"0\" allowfullscreen=\"\"><\/iframe><\/p>\n<h2>Epis\u00f3dio #27<\/h2>\n<p><iframe style=\"border-radius:12px\" src=\"https:\/\/open.spotify.com\/embed\/playlist\/140nJ5uRQHjAdDvDhIvmyL?utm_source=generator\" width=\"100%\" height=\"352\" frameborder=\"0\" allowfullscreen=\"\"><\/iframe><\/p>\n<h2>Epis\u00f3dio #28<\/h2>\n<p><iframe style=\"border-radius:12px\" src=\"https:\/\/open.spotify.com\/embed\/playlist\/4HG4ke0xRmK9hEzqkyb6MH?utm_source=generator\" width=\"100%\" height=\"352\" frameborder=\"0\" allowfullscreen=\"\"><\/iframe><\/p>\n<h2>Epis\u00f3dio #29<\/h2>\n<p><iframe style=\"border-radius:12px\" src=\"https:\/\/open.spotify.com\/embed\/playlist\/3fsbllp8vjl1T420LerVhG?utm_source=generator\" width=\"100%\" height=\"352\" frameborder=\"0\" allowfullscreen=\"\"><\/iframe><\/p>\n<h2>Epis\u00f3dio #30<\/h2>\n<p><iframe style=\"border-radius:12px\" src=\"https:\/\/open.spotify.com\/embed\/playlist\/4KDzZCMNE7S06d8W7oo0zN?utm_source=generator\" width=\"100%\" height=\"352\" frameborder=\"0\" allowfullscreen=\"\"><\/iframe><\/p>\n<h2>Epis\u00f3dio #31<\/h2>\n<p><iframe style=\"border-radius:12px\" src=\"https:\/\/open.spotify.com\/embed\/playlist\/6lDP0QgSHoamx4JbgUEwTf?utm_source=generator\" width=\"100%\" height=\"352\" frameborder=\"0\" allowfullscreen=\"\"><\/iframe><\/p>\n<h2>Epis\u00f3dio #32<\/h2>\n<p><iframe style=\"border-radius:12px\" src=\"https:\/\/open.spotify.com\/embed\/playlist\/3W9L0lUEUaiSAkIPDoeVTU?utm_source=generator\" width=\"100%\" height=\"352\" frameborder=\"0\" allowfullscreen=\"\"><\/iframe><\/p>\n<h2>Epis\u00f3dio #33<\/h2>\n<p><iframe style=\"border-radius:12px\" src=\"https:\/\/open.spotify.com\/embed\/playlist\/3tzrKLyWqtWJhCPLtjBPTM?utm_source=generator\" width=\"100%\" height=\"352\" frameborder=\"0\" allowfullscreen=\"\"><\/iframe><\/p>\n<h2>Epis\u00f3dio #34<\/h2>\n<p><iframe style=\"border-radius:12px\" src=\"https:\/\/open.spotify.com\/embed\/playlist\/4qykHaGImuwR3wIuRJDxKO?utm_source=generator\" width=\"100%\" height=\"352\" frameborder=\"0\" allowfullscreen=\"\"><\/iframe><\/p>\n<h2>Epis\u00f3dio #35<\/h2>\n<p><iframe style=\"border-radius:12px\" src=\"https:\/\/open.spotify.com\/embed\/playlist\/6cte1Rxw1XjHuPtuDHSj8T?utm_source=generator\" width=\"100%\" height=\"352\" frameborder=\"0\" allowfullscreen=\"\"><\/iframe><\/p>\n<h2>Epis\u00f3dio #36<\/h2>\n<p><iframe style=\"border-radius:12px\" src=\"https:\/\/open.spotify.com\/embed\/playlist\/7Ii2VH46TX4AMFzMqtQ1iQ?utm_source=generator\" width=\"100%\" height=\"352\" frameborder=\"0\" allowfullscreen=\"\"><\/iframe><\/p>\n<h2>Epis\u00f3dio #37<\/h2>\n<p><iframe style=\"border-radius:12px\" src=\"https:\/\/open.spotify.com\/embed\/playlist\/2RhIVoN1rTSRxBFQbPyNNX?utm_source=generator\" width=\"100%\" height=\"352\" frameborder=\"0\" allowfullscreen=\"\"><\/iframe><\/p>\n<h2>Epis\u00f3dio #38<\/h2>\n<p><iframe style=\"border-radius:12px\" src=\"https:\/\/open.spotify.com\/embed\/playlist\/0WNm0eHHrM8yyR5noJt9G2?utm_source=generator\" width=\"100%\" height=\"352\" frameborder=\"0\" allowfullscreen=\"\"><\/iframe><\/p>\n<h2>Epis\u00f3dio #39<\/h2>\n<p><iframe style=\"border-radius:12px\" src=\"https:\/\/open.spotify.com\/embed\/playlist\/5wNrOrijLGGvFHCyWQrY47?utm_source=generator\" width=\"100%\" height=\"352\" frameborder=\"0\" allowfullscreen=\"\"><\/iframe><\/p>\n<h2>Epis\u00f3dio #40<\/h2>\n<p><iframe style=\"border-radius:12px\" src=\"https:\/\/open.spotify.com\/embed\/playlist\/3cBlEoNuztE68NLRryBG0O?utm_source=generator\" width=\"100%\" height=\"352\" frameborder=\"0\" allowfullscreen=\"\"><\/iframe><\/p>\n<h2>Epis\u00f3dio #41<\/h2>\n<p><iframe style=\"border-radius:12px\" src=\"https:\/\/open.spotify.com\/embed\/playlist\/11zLpTRjvsGN6u1rFOhcNO?utm_source=generator\" width=\"100%\" height=\"352\" frameborder=\"0\" allowfullscreen=\"\"><\/iframe><\/p>\n<h2>Epis\u00f3dio #42<\/h2>\n<p><iframe style=\"border-radius:12px\" src=\"https:\/\/open.spotify.com\/embed\/playlist\/5HbB9X5jk7xWbaC0L19CaJ?utm_source=generator\" width=\"100%\" height=\"352\" frameborder=\"0\" allowfullscreen=\"\"><\/iframe><\/p>\n<h2>Epis\u00f3dio #43<\/h2>\n<p><iframe style=\"border-radius:12px\" src=\"https:\/\/open.spotify.com\/embed\/playlist\/4O3pT9hIzFEmK7MEEqiVFP?utm_source=generator\" width=\"100%\" height=\"352\" frameborder=\"0\" allowfullscreen=\"\"><\/iframe><\/p>\n<h2>Epis\u00f3dio #44<\/h2>\n<p><iframe style=\"border-radius:12px\" src=\"https:\/\/open.spotify.com\/embed\/playlist\/2lVM7OPc4grJ0MXP50WBIx?utm_source=generator\" width=\"100%\" height=\"352\" frameborder=\"0\" allowfullscreen=\"\"><\/iframe><\/p>","protected":false},"excerpt":{"rendered":"<p>Todas as semanas, uma nova sele\u00e7\u00e3o. M\u00fasica escolhida com cuidado \u2014 n\u00e3o por algoritmos. Epis\u00f3dio #1 Epis\u00f3dio #2 Epis\u00f3dio #3 Epis\u00f3dio #4 Epis\u00f3dio #5 Epis\u00f3dio #6 Epis\u00f3dio #7 Epis\u00f3dio #8 Epis\u00f3dio #9 Epis\u00f3dio #10 Epis\u00f3dio #11 Epis\u00f3dio #12 Epis\u00f3dio #13 Epis\u00f3dio #14 Epis\u00f3dio #15 (Edi\u00e7\u00e3o especial Sziget 2025) Epis\u00f3dio #16 Epis\u00f3dio #17 Epis\u00f3dio #18 Epis\u00f3dio<\/p>","protected":false},"author":1,"featured_media":0,"parent":0,"menu_order":0,"comment_status":"closed","ping_status":"closed","template":"","meta":[],"_links":{"self":[{"href":"https:\/\/www.ecletismomusical.pt\/en\/wp-json\/wp\/v2\/pages\/5944"}],"collection":[{"href":"https:\/\/www.ecletismomusical.pt\/en\/wp-json\/wp\/v2\/pages"}],"about":[{"href":"https:\/\/www.ecletismomusical.pt\/en\/wp-json\/wp\/v2\/types\/page"}],"author":[{"embeddable":true,"href":"https:\/\/www.ecletismomusical.pt\/en\/wp-json\/wp\/v2\/users\/1"}],"replies":[{"embeddable":true,"href":"https:\/\/www.ecletismomusical.pt\/en\/wp-json\/wp\/v2\/comments?post=5944"}],"version-history":[{"count":43,"href":"https:\/\/www.ecletismomusical.pt\/en\/wp-json\/wp\/v2\/pages\/5944\/revisions"}],"predecessor-version":[{"id":8973,"href":"https:\/\/www.ecletismomusical.pt\/en\/wp-json\/wp\/v2\/pages\/5944\/revisions\/8973"}],"wp:attachment":[{"href":"https:\/\/www.ecletismomusical.pt\/en\/wp-json\/wp\/v2\/media?parent=5944"}],"curies":[{"name":"wp","href":"https:\/\/api.w.org\/{rel}","templated":true}]}}